{"id":782,"date":"2021-12-31T10:02:31","date_gmt":"2021-12-31T09:02:31","guid":{"rendered":"http:\/\/trialong.com\/?page_id=782"},"modified":"2026-02-03T10:37:17","modified_gmt":"2026-02-03T09:37:17","slug":"programme","status":"publish","type":"page","link":"https:\/\/trialong.com\/index.php\/programme\/","title":{"rendered":"Programme"},"content":{"rendered":"<div class=\"wp-block-image\">\n<figure class=\"aligncenter size-large is-resized\"><img decoding=\"async\" loading=\"lazy\" src=\"https:\/\/trialong.com\/wp-content\/uploads\/2025\/12\/INSCRIPTIONS-3-1024x576.png\" alt=\"\" class=\"wp-image-2222\" width=\"1100\" height=\"619\" srcset=\"https:\/\/trialong.com\/wp-content\/uploads\/2025\/12\/INSCRIPTIONS-3-1024x576.png 1024w, https:\/\/trialong.com\/wp-content\/uploads\/2025\/12\/INSCRIPTIONS-3-300x169.png 300w, https:\/\/trialong.com\/wp-content\/uploads\/2025\/12\/INSCRIPTIONS-3-768x432.png 768w, https:\/\/trialong.com\/wp-content\/uploads\/2025\/12\/INSCRIPTIONS-3-1536x864.png 1536w, https:\/\/trialong.com\/wp-content\/uploads\/2025\/12\/INSCRIPTIONS-3.png 1920w\" sizes=\"(max-width: 1100px) 100vw, 1100px\" \/><\/figure><\/div>\n\n\n<p><\/p>\n\n\n\n<h3 class=\"wp-block-heading\">Programme du samedi : <\/h3>\n\n\n\n<figure id=\"footable_5224\" class=\"wp-block-table is-style-stripes animated bounceInUp\"><table><thead><tr><th scope=\"col\">Etapes<\/th><th class=\"has-text-align-center\" data-align=\"center\" scope=\"col\">Poussins<\/th><th class=\"has-text-align-center\" data-align=\"center\">Pupilles<\/th><th class=\"has-text-align-center\" data-align=\"center\">    XXS    <\/th><th class=\"has-text-align-center\" data-align=\"center\" scope=\"col\">     S     <\/th><\/tr><\/thead><tbody><tr><td>Retrait dossards<\/td><td class=\"has-text-align-center\" data-align=\"center\">A venir<\/td><td class=\"has-text-align-center\" data-align=\"center\">A venir<\/td><td class=\"has-text-align-center\" data-align=\"center\">A venir<\/td><td class=\"has-text-align-center\" data-align=\"center\">A venir<\/td><\/tr><tr><td>Fermeture parc \u00e0 v\u00e9lo (VTT)<\/td><td class=\"has-text-align-center\" data-align=\"center\">A venir<\/td><td class=\"has-text-align-center\" data-align=\"center\">A venir<\/td><td class=\"has-text-align-center\" data-align=\"center\">A venir<\/td><td class=\"has-text-align-center\" data-align=\"center\">A venir<\/td><\/tr><tr><td>D\u00e9part de la course<\/td><td class=\"has-text-align-center\" data-align=\"center\">14h<\/td><td class=\"has-text-align-center\" data-align=\"center\">14h20<\/td><td class=\"has-text-align-center\" data-align=\"center\">15h<\/td><td class=\"has-text-align-center\" data-align=\"center\">15h45<\/td><\/tr><\/tbody><\/table><\/figure>\n\n\n\n<p><\/p>\n\n\n\n<h3 class=\"wp-block-heading\">Programme du dimanche :<\/h3>\n\n\n\n<figure id=\"footable_5224\" class=\"wp-block-table is-style-stripes animated bounceInUp\"><table><thead><tr><th scope=\"col\">Etapes<\/th><th scope=\"col\">TriaLong format L<\/th><th scope=\"col\">TriaCourt format M<\/th><\/tr><\/thead><tbody><tr><td>Retrait dossards<\/td><td>A venir<\/td><td>A venir<\/td><\/tr><tr><td>Fermeture parc \u00e0 v\u00e9lo<\/td><td>A venir<\/td><td>A venir<\/td><\/tr><tr><td>D\u00e9part de la course<\/td><td>9h30<\/td><td>10h30<\/td><\/tr><\/tbody><\/table><\/figure>\n\n\n\n<div class=\"wp-block-group alignwide is-layout-flow\"><div class=\"wp-block-group__inner-container\"><\/div><\/div>\n\n\n\n<p><\/p>\n\n\n\n<figure class=\"wp-block-image\"><img alt=\"\"\/><\/figure>\n","protected":false},"excerpt":{"rendered":"<p>Programme du samedi : Etapes Poussins Pupilles XXS S Retrait dossards A venir A venir A venir A venir Fermeture parc \u00e0 v\u00e9lo (VTT) A venir A venir A venir A venir D\u00e9part de la course 14h 14h20 15h 15h45 Programme du dimanche : Etapes TriaLong format L TriaCourt format M Retrait dossards A venir&hellip;&nbsp;<a href=\"https:\/\/trialong.com\/index.php\/programme\/\" rel=\"bookmark\">Lire la suite &raquo;<span class=\"screen-reader-text\">Programme<\/span><\/a><\/p>\n","protected":false},"author":3,"featured_media":0,"parent":0,"menu_order":0,"comment_status":"closed","ping_status":"closed","template":"","meta":{"neve_meta_sidebar":"","neve_meta_container":"","neve_meta_enable_content_width":"","neve_meta_content_width":0,"neve_meta_title_alignment":"","neve_meta_author_avatar":"","neve_post_elements_order":"","neve_meta_disable_header":"","neve_meta_disable_footer":"","neve_meta_disable_title":"on","_themeisle_gutenberg_block_has_review":false,"_ti_tpc_template_sync":false,"_ti_tpc_template_id":""},"_links":{"self":[{"href":"https:\/\/trialong.com\/index.php\/wp-json\/wp\/v2\/pages\/782"}],"collection":[{"href":"https:\/\/trialong.com\/index.php\/wp-json\/wp\/v2\/pages"}],"about":[{"href":"https:\/\/trialong.com\/index.php\/wp-json\/wp\/v2\/types\/page"}],"author":[{"embeddable":true,"href":"https:\/\/trialong.com\/index.php\/wp-json\/wp\/v2\/users\/3"}],"replies":[{"embeddable":true,"href":"https:\/\/trialong.com\/index.php\/wp-json\/wp\/v2\/comments?post=782"}],"version-history":[{"count":37,"href":"https:\/\/trialong.com\/index.php\/wp-json\/wp\/v2\/pages\/782\/revisions"}],"predecessor-version":[{"id":2297,"href":"https:\/\/trialong.com\/index.php\/wp-json\/wp\/v2\/pages\/782\/revisions\/2297"}],"wp:attachment":[{"href":"https:\/\/trialong.com\/index.php\/wp-json\/wp\/v2\/media?parent=782"}],"curies":[{"name":"wp","href":"https:\/\/api.w.org\/{rel}","templated":true}]}}