{"id":40,"date":"2021-12-23T14:29:48","date_gmt":"2021-12-23T13:29:48","guid":{"rendered":"http:\/\/trialong.com\/?page_id=40"},"modified":"2026-03-17T10:42:37","modified_gmt":"2026-03-17T09:42:37","slug":"devenir-volontaire","status":"publish","type":"page","link":"https:\/\/trialong.com\/index.php\/devenir-volontaire\/","title":{"rendered":"Devenir b\u00e9n\u00e9vole"},"content":{"rendered":"\n<p class=\"has-text-align-center\"><strong>Envie de participer \u00e0 un triathlon de grande envergure ? Rejoins l&#8217;organisation du Trialong 2026 ! <\/strong><\/p>\n\n\n\n<div class=\"wp-block-group is-layout-constrained\"><div class=\"wp-block-group__inner-container\">\n<div class=\"wp-block-columns is-layout-flex wp-container-4\">\n<div class=\"wp-block-column is-vertically-aligned-center is-layout-flow\" style=\"flex-basis:100%\">\n<figure class=\"wp-block-gallery has-nested-images columns-default is-cropped wp-block-gallery-1 is-layout-flex\">\n<figure class=\"wp-block-image size-large\"><img decoding=\"async\" loading=\"lazy\" width=\"2560\" height=\"1920\" src=\"https:\/\/trialong.com\/wp-content\/uploads\/2026\/03\/IMG_6449-edited-1-scaled.jpeg\" alt=\"\" class=\"wp-image-2408\" srcset=\"https:\/\/trialong.com\/wp-content\/uploads\/2026\/03\/IMG_6449-edited-1-scaled.jpeg 2560w, https:\/\/trialong.com\/wp-content\/uploads\/2026\/03\/IMG_6449-edited-1-300x225.jpeg 300w, https:\/\/trialong.com\/wp-content\/uploads\/2026\/03\/IMG_6449-edited-1-1024x768.jpeg 1024w, https:\/\/trialong.com\/wp-content\/uploads\/2026\/03\/IMG_6449-edited-1-768x576.jpeg 768w, https:\/\/trialong.com\/wp-content\/uploads\/2026\/03\/IMG_6449-edited-1-1536x1152.jpeg 1536w, https:\/\/trialong.com\/wp-content\/uploads\/2026\/03\/IMG_6449-edited-1-2048x1536.jpeg 2048w\" sizes=\"(max-width: 2560px) 100vw, 2560px\" \/><\/figure>\n\n\n\n<figure class=\"wp-block-image size-large\"><img decoding=\"async\" loading=\"lazy\" width=\"1024\" height=\"683\" src=\"https:\/\/trialong.com\/wp-content\/uploads\/2023\/01\/IMG_7972-1024x683.jpeg\" alt=\"\" class=\"wp-image-1331\" srcset=\"https:\/\/trialong.com\/wp-content\/uploads\/2023\/01\/IMG_7972-1024x683.jpeg 1024w, https:\/\/trialong.com\/wp-content\/uploads\/2023\/01\/IMG_7972-300x200.jpeg 300w, https:\/\/trialong.com\/wp-content\/uploads\/2023\/01\/IMG_7972-768x512.jpeg 768w, https:\/\/trialong.com\/wp-content\/uploads\/2023\/01\/IMG_7972-1536x1024.jpeg 1536w, https:\/\/trialong.com\/wp-content\/uploads\/2023\/01\/IMG_7972-2048x1365.jpeg 2048w, https:\/\/trialong.com\/wp-content\/uploads\/2023\/01\/IMG_7972-930x620.jpeg 930w\" sizes=\"(max-width: 1024px) 100vw, 1024px\" \/><\/figure>\n\n\n\n<figure class=\"wp-block-image size-large\"><img decoding=\"async\" loading=\"lazy\" width=\"1461\" height=\"1096\" src=\"https:\/\/trialong.com\/wp-content\/uploads\/2026\/03\/IMG-20250916-WA0027-edited.jpg\" alt=\"\" class=\"wp-image-2407\" srcset=\"https:\/\/trialong.com\/wp-content\/uploads\/2026\/03\/IMG-20250916-WA0027-edited.jpg 1461w, https:\/\/trialong.com\/wp-content\/uploads\/2026\/03\/IMG-20250916-WA0027-edited-300x225.jpg 300w, https:\/\/trialong.com\/wp-content\/uploads\/2026\/03\/IMG-20250916-WA0027-edited-1024x768.jpg 1024w, https:\/\/trialong.com\/wp-content\/uploads\/2026\/03\/IMG-20250916-WA0027-edited-768x576.jpg 768w\" sizes=\"(max-width: 1461px) 100vw, 1461px\" \/><\/figure>\n<\/figure>\n<\/div>\n<\/div>\n<\/div><\/div>\n\n\n\n<p>En rejoignant l\u2019\u00e9quipe b\u00e9n\u00e9voles, vous participerez au bon d\u00e9roulement de l\u2019\u00e9v\u00e9nement, vous vivrez l\u2019ambiance de l\u2019int\u00e9rieur et vous contribuerez \u00e0 faire vivre un moment unique \u00e0 tous les participants \u00e0 travers les diff\u00e9rentes missions (ravitaillement, dossards, parcours, &#8230;).<\/p>\n\n\n\n<p>\ud83d\udcc5 <strong>Date :<\/strong>\u00a011, 12 et 13 septembre 2026<br>\ud83d\udccd <strong>Lieu :<\/strong>\u00a0\u00cele de Loisirs de Bois-le-Roi (77)<br>\u23f1\ufe0f <strong>Dur\u00e9e des missions :<\/strong>\u00a0Selon vos dispos &#8211; journ\u00e9e enti\u00e8re &#8211; demi-journ\u00e9e<br>\ud83d\udc65 <strong>Tous les profils sont bienvenus<\/strong><\/p>\n\n\n\n<p>Vous b\u00e9n\u00e9ficierez d&#8217;une\u00a0<strong>dotation b\u00e9n\u00e9vole (t-shirt &amp; goodies) <\/strong>et vos <strong>repas<\/strong> sur place seront pris en charge. Pour ceux restant plusieurs jours, il sera possible de loger sur place.<\/p>\n\n\n\n<div class=\"wp-block-buttons is-content-justification-center is-layout-flex wp-container-6\">\n<div class=\"wp-block-button is-style-primary\"><a class=\"wp-block-button__link wp-element-button\" href=\"https:\/\/forms.gle\/HXj3YcrsaSDNfSX5A\">Je deviens b\u00e9n\u00e9vole<\/a><\/div>\n<\/div>\n\n\n\n<p><\/p>\n\n\n\n<p><\/p>\n","protected":false},"excerpt":{"rendered":"<p>Envie de participer \u00e0 un triathlon de grande envergure ? Rejoins l&#8217;organisation du Trialong 2026 ! En rejoignant l\u2019\u00e9quipe b\u00e9n\u00e9voles, vous participerez au bon d\u00e9roulement de l\u2019\u00e9v\u00e9nement, vous vivrez l\u2019ambiance de l\u2019int\u00e9rieur et vous contribuerez \u00e0 faire vivre un moment unique \u00e0 tous les participants \u00e0 travers les diff\u00e9rentes missions (ravitaillement, dossards, parcours, &#8230;). \ud83d\udcc5&hellip;&nbsp;<a href=\"https:\/\/trialong.com\/index.php\/devenir-volontaire\/\" rel=\"bookmark\">Lire la suite &raquo;<span class=\"screen-reader-text\">Devenir b\u00e9n\u00e9vole<\/span><\/a><\/p>\n","protected":false},"author":4,"featured_media":0,"parent":0,"menu_order":0,"comment_status":"closed","ping_status":"closed","template":"","meta":{"neve_meta_sidebar":"","neve_meta_container":"","neve_meta_enable_content_width":"","neve_meta_content_width":0,"neve_meta_title_alignment":"","neve_meta_author_avatar":"","neve_post_elements_order":"","neve_meta_disable_header":"","neve_meta_disable_footer":"","neve_meta_disable_title":"","_themeisle_gutenberg_block_has_review":false,"_ti_tpc_template_sync":false,"_ti_tpc_template_id":""},"_links":{"self":[{"href":"https:\/\/trialong.com\/index.php\/wp-json\/wp\/v2\/pages\/40"}],"collection":[{"href":"https:\/\/trialong.com\/index.php\/wp-json\/wp\/v2\/pages"}],"about":[{"href":"https:\/\/trialong.com\/index.php\/wp-json\/wp\/v2\/types\/page"}],"author":[{"embeddable":true,"href":"https:\/\/trialong.com\/index.php\/wp-json\/wp\/v2\/users\/4"}],"replies":[{"embeddable":true,"href":"https:\/\/trialong.com\/index.php\/wp-json\/wp\/v2\/comments?post=40"}],"version-history":[{"count":33,"href":"https:\/\/trialong.com\/index.php\/wp-json\/wp\/v2\/pages\/40\/revisions"}],"predecessor-version":[{"id":2409,"href":"https:\/\/trialong.com\/index.php\/wp-json\/wp\/v2\/pages\/40\/revisions\/2409"}],"wp:attachment":[{"href":"https:\/\/trialong.com\/index.php\/wp-json\/wp\/v2\/media?parent=40"}],"curies":[{"name":"wp","href":"https:\/\/api.w.org\/{rel}","templated":true}]}}