{"id":38,"date":"2021-12-23T14:29:25","date_gmt":"2021-12-23T13:29:25","guid":{"rendered":"http:\/\/trialong.com\/?page_id=38"},"modified":"2026-02-18T15:08:07","modified_gmt":"2026-02-18T14:08:07","slug":"hebergement","status":"publish","type":"page","link":"https:\/\/trialong.com\/index.php\/hebergement\/","title":{"rendered":"H\u00e9bergement"},"content":{"rendered":"\n<p>\u25cf Vous souhaitez r\u00e9server un h\u00e9bergement au sein de la base ? Profitez des roulottes de Bois-le-roi selon leurs disponibilit\u00e9s, n&#8217;h\u00e9sitez pas \u00e0 contacter boisleroi-base@ucpa.asso.fr<\/p>\n\n\n\n<p>\u25cf Vous souhaitez r\u00e9server un h\u00e9bergement afin d\u2019\u00eatre plus proche de l&#8217;\u00e9preuve le jour J&nbsp;? Vous \u00eates au bon endroit&nbsp;! Nous avons recens\u00e9, les meilleures solutions d\u2019h\u00e9bergement qui s\u2019offre \u00e0 vous \u00e0 proximit\u00e9 de Bois-le-Roi.<\/p>\n\n\n\n<p>\u25cf Cette commune fait partie de la communaut\u00e9 d&#8217;agglom\u00e9ration du Pays de Fontainebleau. Cette communaut\u00e9 d\u2019agglom\u00e9ration propose un large choix d\u2019h\u00e9bergements tels que des h\u00f4tels, des g\u00eetes, des chambres d\u2019h\u00f4tes, des campings\u2026 <\/p>\n\n\n\n<p>\u25cf Retrouvez l\u2019ensemble de ces h\u00e9bergements <a href=\"https:\/\/www.fontainebleau-tourisme.com\/fr\/preparer-son-sejour\/dormir\/\">EN CLIQUANT ICI.<\/a><\/p>\n\n\n<div class=\"wp-block-image\">\n<figure class=\"aligncenter size-large\"><img decoding=\"async\" loading=\"lazy\" width=\"557\" height=\"375\" src=\"http:\/\/trialong.com\/wp-content\/uploads\/2021\/12\/Pays-de-fontainebleau.jpg\" alt=\"\" class=\"wp-image-96\" srcset=\"https:\/\/trialong.com\/wp-content\/uploads\/2021\/12\/Pays-de-fontainebleau.jpg 557w, https:\/\/trialong.com\/wp-content\/uploads\/2021\/12\/Pays-de-fontainebleau-300x202.jpg 300w\" sizes=\"(max-width: 557px) 100vw, 557px\" \/><figcaption class=\"wp-element-caption\">L&#8217;ensemble des communes qui constituent le Pays de Fontainebleau<\/figcaption><\/figure><\/div>\n\n\n<p>\u25cf Nous avons recens\u00e9 les 50 h\u00f4tels les plus proches de la commune de Bois-le-Roi. Ces h\u00e9bergements se situent dans un rayon d\u2019au maximum 25 kilom\u00e8tres de cette derni\u00e8re. <\/p>\n\n\n\n<p>Le plan ci-dessous, vous permettra de visualiser l&#8217;emplacement de ces h\u00f4tels : <\/p>\n\n\n\n<div class=\"wp-block-group alignwide is-layout-flow\"><div class=\"wp-block-group__inner-container\">\n<div class=\"wp-block-group alignfull is-layout-flow\"><div class=\"wp-block-group__inner-container\">\n<p style=\"text-align: center;\"><iframe loading=\"lazy\" src=\"https:\/\/www.google.com\/maps\/d\/u\/0\/embed?mid=1sWLTMQ5P3Q3xRYTcetf0fQpE2HLm7fEq&amp;ehbc=2E312F\" width=\"640\" height=\"480\"><\/iframe><\/p>\n<\/div><\/div>\n<\/div><\/div>\n\n\n\n<p><strong>A noter&nbsp;: Sachez cependant que nous ne tenons pas les disponibilit\u00e9s des h\u00e9bergements, les participants devront donc contacter directement les h\u00e9bergeurs.<\/strong><\/p>\n","protected":false},"excerpt":{"rendered":"<p>\u25cf Vous souhaitez r\u00e9server un h\u00e9bergement au sein de la base ? Profitez des roulottes de Bois-le-roi selon leurs disponibilit\u00e9s, n&#8217;h\u00e9sitez pas \u00e0 contacter boisleroi-base@ucpa.asso.fr \u25cf Vous souhaitez r\u00e9server un h\u00e9bergement afin d\u2019\u00eatre plus proche de l&#8217;\u00e9preuve le jour J&nbsp;? Vous \u00eates au bon endroit&nbsp;! Nous avons recens\u00e9, les meilleures solutions d\u2019h\u00e9bergement qui s\u2019offre \u00e0&hellip;&nbsp;<a href=\"https:\/\/trialong.com\/index.php\/hebergement\/\" rel=\"bookmark\">Lire la suite &raquo;<span class=\"screen-reader-text\">H\u00e9bergement<\/span><\/a><\/p>\n","protected":false},"author":2,"featured_media":0,"parent":0,"menu_order":0,"comment_status":"closed","ping_status":"closed","template":"","meta":{"neve_meta_sidebar":"","neve_meta_container":"","neve_meta_enable_content_width":"","neve_meta_content_width":0,"neve_meta_title_alignment":"","neve_meta_author_avatar":"","neve_post_elements_order":"","neve_meta_disable_header":"","neve_meta_disable_footer":"","neve_meta_disable_title":"","_themeisle_gutenberg_block_has_review":false,"_ti_tpc_template_sync":false,"_ti_tpc_template_id":""},"_links":{"self":[{"href":"https:\/\/trialong.com\/index.php\/wp-json\/wp\/v2\/pages\/38"}],"collection":[{"href":"https:\/\/trialong.com\/index.php\/wp-json\/wp\/v2\/pages"}],"about":[{"href":"https:\/\/trialong.com\/index.php\/wp-json\/wp\/v2\/types\/page"}],"author":[{"embeddable":true,"href":"https:\/\/trialong.com\/index.php\/wp-json\/wp\/v2\/users\/2"}],"replies":[{"embeddable":true,"href":"https:\/\/trialong.com\/index.php\/wp-json\/wp\/v2\/comments?post=38"}],"version-history":[{"count":14,"href":"https:\/\/trialong.com\/index.php\/wp-json\/wp\/v2\/pages\/38\/revisions"}],"predecessor-version":[{"id":2318,"href":"https:\/\/trialong.com\/index.php\/wp-json\/wp\/v2\/pages\/38\/revisions\/2318"}],"wp:attachment":[{"href":"https:\/\/trialong.com\/index.php\/wp-json\/wp\/v2\/media?parent=38"}],"curies":[{"name":"wp","href":"https:\/\/api.w.org\/{rel}","templated":true}]}}