{"id":248,"date":"2021-12-30T15:11:58","date_gmt":"2021-12-30T14:11:58","guid":{"rendered":"http:\/\/trialong.com\/?page_id=248"},"modified":"2021-12-30T16:27:34","modified_gmt":"2021-12-30T15:27:34","slug":"resultats-2019","status":"publish","type":"page","link":"https:\/\/trialong.com\/index.php\/resultats-2019\/","title":{"rendered":"R\u00e9sultats 2019"},"content":{"rendered":"\n<div class=\"wp-block-image is-style-default\"><figure class=\"aligncenter size-large is-resized\"><img decoding=\"async\" loading=\"lazy\" src=\"http:\/\/trialong.com\/wp-content\/uploads\/2021\/12\/RESULTATS-563x353-2.jpg\" alt=\"\" class=\"wp-image-201\" width=\"395\" height=\"248\" srcset=\"https:\/\/trialong.com\/wp-content\/uploads\/2021\/12\/RESULTATS-563x353-2.jpg 563w, https:\/\/trialong.com\/wp-content\/uploads\/2021\/12\/RESULTATS-563x353-2-300x188.jpg 300w\" sizes=\"(max-width: 395px) 100vw, 395px\" \/><\/figure><\/div>\n\n\n\n<p>\u25cf Voici les r\u00e9sultats de la 5\u00e8me \u00e9dition du Trialong de Bois-le-Roi. Pour visualiser les r\u00e9sultats de cette course : <\/p>\n\n\n\n<div class=\"wp-block-file aligncenter\"><a href=\"http:\/\/trialong.com\/wp-content\/uploads\/2021\/12\/BLR_2019.xls-Feuil1-1.pdf\">\u25cf TRIALONG SOLO<\/a><a href=\"http:\/\/trialong.com\/wp-content\/uploads\/2021\/12\/BLR_2019.xls-Feuil1-1.pdf\" class=\"wp-block-file__button\" download>T\u00e9l\u00e9charger<\/a><\/div>\n\n\n\n<p><\/p>\n","protected":false},"excerpt":{"rendered":"<p>\u25cf Voici les r\u00e9sultats de la 5\u00e8me \u00e9dition du Trialong de Bois-le-Roi. Pour visualiser les r\u00e9sultats de cette course :<\/p>\n","protected":false},"author":2,"featured_media":0,"parent":0,"menu_order":0,"comment_status":"closed","ping_status":"closed","template":"","meta":{"neve_meta_sidebar":"","neve_meta_container":"","neve_meta_enable_content_width":"","neve_meta_content_width":0,"neve_meta_title_alignment":"","neve_meta_author_avatar":"","neve_post_elements_order":"","neve_meta_disable_header":"","neve_meta_disable_footer":"","neve_meta_disable_title":"","_themeisle_gutenberg_block_has_review":false,"_ti_tpc_template_sync":false,"_ti_tpc_template_id":""},"_links":{"self":[{"href":"https:\/\/trialong.com\/index.php\/wp-json\/wp\/v2\/pages\/248"}],"collection":[{"href":"https:\/\/trialong.com\/index.php\/wp-json\/wp\/v2\/pages"}],"about":[{"href":"https:\/\/trialong.com\/index.php\/wp-json\/wp\/v2\/types\/page"}],"author":[{"embeddable":true,"href":"https:\/\/trialong.com\/index.php\/wp-json\/wp\/v2\/users\/2"}],"replies":[{"embeddable":true,"href":"https:\/\/trialong.com\/index.php\/wp-json\/wp\/v2\/comments?post=248"}],"version-history":[{"count":5,"href":"https:\/\/trialong.com\/index.php\/wp-json\/wp\/v2\/pages\/248\/revisions"}],"predecessor-version":[{"id":368,"href":"https:\/\/trialong.com\/index.php\/wp-json\/wp\/v2\/pages\/248\/revisions\/368"}],"wp:attachment":[{"href":"https:\/\/trialong.com\/index.php\/wp-json\/wp\/v2\/media?parent=248"}],"curies":[{"name":"wp","href":"https:\/\/api.w.org\/{rel}","templated":true}]}}