{"id":2024,"date":"2025-07-22T17:22:54","date_gmt":"2025-07-22T15:22:54","guid":{"rendered":"https:\/\/trialong.com\/?page_id=2024"},"modified":"2026-02-03T12:25:56","modified_gmt":"2026-02-03T11:25:56","slug":"challenges-jeunes","status":"publish","type":"page","link":"https:\/\/trialong.com\/index.php\/challenges-jeunes\/","title":{"rendered":"Challenges jeunes"},"content":{"rendered":"\n<h3 class=\"wp-block-heading\">\u26a0\ufe0f\u00a0<strong>RAPPEL :\u00a0<\/strong>Les courses jeunes doivent s\u2019effectuer en VTT pour la partie v\u00e9lo<strong>\u00a0<\/strong>!<\/h3>\n\n\n\n<p>Afin de mieux comprendre les cat\u00e9gories d&#8217;\u00e2ges des diff\u00e9rentes courses, veuillez vous r\u00e9f\u00e9rer au tableau ci-dessous.  <\/p>\n\n\n\n<figure id=\"footable_5224\" class=\"wp-block-table is-style-stripes animated bounceInUp\"><table><thead><tr><th scope=\"col\">Nom<\/th><th class=\"has-text-align-center\" data-align=\"center\" scope=\"col\">Pioupiou<\/th><th class=\"has-text-align-center\" data-align=\"center\">Pupilles<\/th><th class=\"has-text-align-center\" data-align=\"center\">    XXS    <\/th><th class=\"has-text-align-center\" data-align=\"center\" scope=\"col\">     S     <\/th><\/tr><\/thead><tbody><tr><td>Cat\u00e9gorie<\/td><td class=\"has-text-align-center\" data-align=\"center\">Mini-poussins<br>Poussins<\/td><td class=\"has-text-align-center\" data-align=\"center\">Pupilles<\/td><td class=\"has-text-align-center\" data-align=\"center\">Benjamins &amp; Minimes<br>Adultes<\/td><td class=\"has-text-align-center\" data-align=\"center\">Cadets &amp; Juniors<br>Adultes<\/td><\/tr><tr><td>\u00c2ge<\/td><td class=\"has-text-align-center\" data-align=\"center\">n\u00e9 entre 2017 et 2020<\/td><td class=\"has-text-align-center\" data-align=\"center\">n\u00e9 en 2015 ou 2016<\/td><td class=\"has-text-align-center\" data-align=\"center\">n\u00e9 entre 2011 et 2014<\/td><td class=\"has-text-align-center\" data-align=\"center\">n\u00e9 entre 2007 et 2010<\/td><\/tr><\/tbody><\/table><\/figure>\n\n\n\n<p><\/p>\n","protected":false},"excerpt":{"rendered":"<p>\u26a0\ufe0f\u00a0RAPPEL :\u00a0Les courses jeunes doivent s\u2019effectuer en VTT pour la partie v\u00e9lo\u00a0! Afin de mieux comprendre les cat\u00e9gories d&#8217;\u00e2ges des diff\u00e9rentes courses, veuillez vous r\u00e9f\u00e9rer au tableau ci-dessous. Nom Pioupiou Pupilles XXS S Cat\u00e9gorie Mini-poussinsPoussins Pupilles Benjamins &amp; MinimesAdultes Cadets &amp; JuniorsAdultes \u00c2ge n\u00e9 entre 2017 et 2020 n\u00e9 en 2015 ou 2016 n\u00e9 entre&hellip;&nbsp;<a href=\"https:\/\/trialong.com\/index.php\/challenges-jeunes\/\" rel=\"bookmark\">Lire la suite &raquo;<span class=\"screen-reader-text\">Challenges jeunes<\/span><\/a><\/p>\n","protected":false},"author":10,"featured_media":0,"parent":0,"menu_order":0,"comment_status":"closed","ping_status":"closed","template":"","meta":{"neve_meta_sidebar":"","neve_meta_container":"","neve_meta_enable_content_width":"","neve_meta_content_width":0,"neve_meta_title_alignment":"","neve_meta_author_avatar":"","neve_post_elements_order":"","neve_meta_disable_header":"","neve_meta_disable_footer":"","neve_meta_disable_title":"","_themeisle_gutenberg_block_has_review":false,"_ti_tpc_template_sync":false,"_ti_tpc_template_id":""},"_links":{"self":[{"href":"https:\/\/trialong.com\/index.php\/wp-json\/wp\/v2\/pages\/2024"}],"collection":[{"href":"https:\/\/trialong.com\/index.php\/wp-json\/wp\/v2\/pages"}],"about":[{"href":"https:\/\/trialong.com\/index.php\/wp-json\/wp\/v2\/types\/page"}],"author":[{"embeddable":true,"href":"https:\/\/trialong.com\/index.php\/wp-json\/wp\/v2\/users\/10"}],"replies":[{"embeddable":true,"href":"https:\/\/trialong.com\/index.php\/wp-json\/wp\/v2\/comments?post=2024"}],"version-history":[{"count":6,"href":"https:\/\/trialong.com\/index.php\/wp-json\/wp\/v2\/pages\/2024\/revisions"}],"predecessor-version":[{"id":2314,"href":"https:\/\/trialong.com\/index.php\/wp-json\/wp\/v2\/pages\/2024\/revisions\/2314"}],"wp:attachment":[{"href":"https:\/\/trialong.com\/index.php\/wp-json\/wp\/v2\/media?parent=2024"}],"curies":[{"name":"wp","href":"https:\/\/api.w.org\/{rel}","templated":true}]}}