{"id":1854,"date":"2025-03-31T15:37:35","date_gmt":"2025-03-31T13:37:35","guid":{"rendered":"https:\/\/trialong.com\/?page_id=1854"},"modified":"2025-04-01T16:33:55","modified_gmt":"2025-04-01T14:33:55","slug":"clubs","status":"publish","type":"page","link":"https:\/\/trialong.com\/index.php\/clubs\/","title":{"rendered":"Clubs"},"content":{"rendered":"\n<figure class=\"wp-block-image size-large is-resized\"><img decoding=\"async\" loading=\"lazy\" src=\"https:\/\/trialong.com\/wp-content\/uploads\/2025\/03\/INSCRIPTIONS-edited.png\" alt=\"\" class=\"wp-image-1858\" width=\"1170\" height=\"657\" srcset=\"https:\/\/trialong.com\/wp-content\/uploads\/2025\/03\/INSCRIPTIONS-edited.png 1734w, https:\/\/trialong.com\/wp-content\/uploads\/2025\/03\/INSCRIPTIONS-edited-300x169.png 300w, https:\/\/trialong.com\/wp-content\/uploads\/2025\/03\/INSCRIPTIONS-edited-1024x576.png 1024w, https:\/\/trialong.com\/wp-content\/uploads\/2025\/03\/INSCRIPTIONS-edited-768x432.png 768w, https:\/\/trialong.com\/wp-content\/uploads\/2025\/03\/INSCRIPTIONS-edited-1536x864.png 1536w\" sizes=\"(max-width: 1170px) 100vw, 1170px\" \/><\/figure>\n\n\n\n<hr class=\"wp-block-separator has-alpha-channel-opacity\"\/>\n\n\n\n<p><\/p>\n\n\n\n<p>Pour faire de la 10 Edition du Trialong &amp; Triacourt un moment inoubliable pour tous les clubs participants, nous avons pens\u00e9 \u00e0 tout ! D\u00e9couvrez les avantages et services sp\u00e9cialement con\u00e7us pour vous : <\/p>\n\n\n\n<p>\ud83d\udea9 <strong>Retrait des dossards facilit\u00e9<\/strong><br>Vous pouvez retirer l&#8217;ensemble des dossards en une seule fois, avant la course. Plus besoin de s&#8217;organiser individuellement ! Et pour encore plus de praticit\u00e9, si vous effectuez un retrait collectif, vos athl\u00e8tes b\u00e9n\u00e9ficieront d\u2019un regroupement dans le parc \u00e0 v\u00e9lo.<\/p>\n\n\n\n<p>\ud83d\udd01 <strong>\u00c9changes de dossards <\/strong><br>Un impr\u00e9vue ? Aucun probl\u00e8me ! Les \u00e9changes de dossards entre licenci\u00e9s comp\u00e9tition du m\u00eame club sont autoris\u00e9s jusqu\u2019au <strong>15 ao\u00fbt 2025<\/strong>.<\/p>\n\n\n\n<p>\ud83c\udfc5 <strong>Classement club de l\u2019\u00e9preuve<\/strong><br>Votre esprit d\u2019\u00e9quipe sera mis \u00e0 l&#8217;honneur ! Nous \u00e9tablirons un classement sp\u00e9cifique pour les clubs, bas\u00e9 sur les places des 3 premiers repr\u00e9sentants de chaque club sur les courses M et L. <\/p>\n\n\n\n<p>\ud83c\udf89 <strong>R\u00e9compenses pour les clubs les plus repr\u00e9sent\u00e9s<\/strong><br>Plus vous \u00eates nombreux, plus vous avez de chances d&#8217;\u00eatre r\u00e9compens\u00e9s ! Les clubs comptant le plus grand nombre de dossards (M et L confondus) recevront une distinction sp\u00e9ciale.<\/p>\n\n\n\n<p>\ud83c\udfd5\ufe0f <strong>Tente d\u2019accueil pour les grands clubs<\/strong><br>Pour les clubs avec <strong>plus de 30 inscrits<\/strong> (M et L confondus), nous mettons \u00e0 disposition une tente d&#8217;accueil sur le site de l&#8217;\u00e9v\u00e9nement. Parfait pour se retrouver et pour pr\u00e9parer au mieux la course ! (A savoir : Tente non surveill\u00e9e)<\/p>\n\n\n\n<div style=\"height:100px\" aria-hidden=\"true\" class=\"wp-block-spacer\"><\/div>\n","protected":false},"excerpt":{"rendered":"<p>Pour faire de la 10 Edition du Trialong &amp; Triacourt un moment inoubliable pour tous les clubs participants, nous avons pens\u00e9 \u00e0 tout ! D\u00e9couvrez les avantages et services sp\u00e9cialement con\u00e7us pour vous : \ud83d\udea9 Retrait des dossards facilit\u00e9Vous pouvez retirer l&#8217;ensemble des dossards en une seule fois, avant la course. Plus besoin de s&#8217;organiser&hellip;&nbsp;<a href=\"https:\/\/trialong.com\/index.php\/clubs\/\" rel=\"bookmark\">Lire la suite &raquo;<span class=\"screen-reader-text\">Clubs<\/span><\/a><\/p>\n","protected":false},"author":10,"featured_media":0,"parent":0,"menu_order":0,"comment_status":"closed","ping_status":"closed","template":"","meta":{"neve_meta_sidebar":"","neve_meta_container":"","neve_meta_enable_content_width":"","neve_meta_content_width":0,"neve_meta_title_alignment":"","neve_meta_author_avatar":"","neve_post_elements_order":"","neve_meta_disable_header":"","neve_meta_disable_footer":"","neve_meta_disable_title":"","_themeisle_gutenberg_block_has_review":false,"_ti_tpc_template_sync":false,"_ti_tpc_template_id":""},"_links":{"self":[{"href":"https:\/\/trialong.com\/index.php\/wp-json\/wp\/v2\/pages\/1854"}],"collection":[{"href":"https:\/\/trialong.com\/index.php\/wp-json\/wp\/v2\/pages"}],"about":[{"href":"https:\/\/trialong.com\/index.php\/wp-json\/wp\/v2\/types\/page"}],"author":[{"embeddable":true,"href":"https:\/\/trialong.com\/index.php\/wp-json\/wp\/v2\/users\/10"}],"replies":[{"embeddable":true,"href":"https:\/\/trialong.com\/index.php\/wp-json\/wp\/v2\/comments?post=1854"}],"version-history":[{"count":6,"href":"https:\/\/trialong.com\/index.php\/wp-json\/wp\/v2\/pages\/1854\/revisions"}],"predecessor-version":[{"id":1864,"href":"https:\/\/trialong.com\/index.php\/wp-json\/wp\/v2\/pages\/1854\/revisions\/1864"}],"wp:attachment":[{"href":"https:\/\/trialong.com\/index.php\/wp-json\/wp\/v2\/media?parent=1854"}],"curies":[{"name":"wp","href":"https:\/\/api.w.org\/{rel}","templated":true}]}}