{"id":1227,"date":"2022-09-12T16:45:01","date_gmt":"2022-09-12T14:45:01","guid":{"rendered":"http:\/\/trialong.com\/?page_id=1227"},"modified":"2022-09-19T11:11:23","modified_gmt":"2022-09-19T09:11:23","slug":"resultats-2022","status":"publish","type":"page","link":"https:\/\/trialong.com\/index.php\/resultats-2022\/","title":{"rendered":"R\u00e9sultats 2022"},"content":{"rendered":"\n<p><strong>Voici les r\u00e9sultats du triathlon de ce weekend :<\/strong> 11\/09\/2022<\/p>\n\n\n\n<p><a href=\"https:\/\/idftriathlon.com\/wp-content\/uploads\/2022\/09\/TriaLong22.pdf\">TriaLong <\/a><\/p>\n\n\n\n<p><a href=\"https:\/\/idftriathlon.com\/wp-content\/uploads\/2022\/09\/TriaCourt22.pdf\" data-type=\"URL\" data-id=\"https:\/\/idftriathlon.com\/wp-content\/uploads\/2022\/09\/TriaCourt22.pdf\">TriaCourt <\/a><\/p>\n\n\n\n<p><a href=\"https:\/\/idftriathlon.com\/wp-content\/uploads\/2022\/09\/BLR22_swimbikelong.pdf\">SwimBike Long <\/a><\/p>\n\n\n\n<p><a href=\"https:\/\/idftriathlon.com\/wp-content\/uploads\/2022\/09\/BLR22_Swimbikecourt.pdf\">SwimBike Court <\/a><\/p>\n\n\n\n<p><a href=\"https:\/\/idftriathlon.com\/wp-content\/uploads\/2022\/09\/TriaLongRelais22.pdf\">TriaLong Relais <\/a><\/p>\n\n\n\n<p><a href=\"https:\/\/idftriathlon.com\/wp-content\/uploads\/2022\/09\/BLR22_Triacourt_relais.pdf\">TriaCourt Relais<\/a> <\/p>\n\n\n\n<p>On esp\u00e8re vous revoir nombreux l\u2019ann\u00e9e prochaine !<\/p>\n\n\n\n<p>Un \u00e9norme merci aux b\u00e9n\u00e9voles, aux arbitres et \u00e0 vous toujours plus nombreux \u00e0 venir sur notre \u00e9preuve. <\/p>\n\n\n\n<p>L&#8217;\u00e9quipe de la Ligue \u00cele-de-France de Triathlon <\/p>\n\n\n\n<figure class=\"wp-block-image\"><img decoding=\"async\" loading=\"lazy\" width=\"2560\" height=\"1707\" src=\"https:\/\/trialong.com\/wp-content\/uploads\/2022\/09\/IMG_8171-scaled-2.jpeg\" alt=\"\" class=\"wp-image-1248\" srcset=\"https:\/\/trialong.com\/wp-content\/uploads\/2022\/09\/IMG_8171-scaled-2.jpeg 2560w, https:\/\/trialong.com\/wp-content\/uploads\/2022\/09\/IMG_8171-scaled-2-300x200.jpeg 300w, https:\/\/trialong.com\/wp-content\/uploads\/2022\/09\/IMG_8171-scaled-2-1024x683.jpeg 1024w, https:\/\/trialong.com\/wp-content\/uploads\/2022\/09\/IMG_8171-scaled-2-768x512.jpeg 768w, https:\/\/trialong.com\/wp-content\/uploads\/2022\/09\/IMG_8171-scaled-2-1536x1024.jpeg 1536w, https:\/\/trialong.com\/wp-content\/uploads\/2022\/09\/IMG_8171-scaled-2-2048x1366.jpeg 2048w, https:\/\/trialong.com\/wp-content\/uploads\/2022\/09\/IMG_8171-scaled-2-930x620.jpeg 930w\" sizes=\"(max-width: 2560px) 100vw, 2560px\" \/><\/figure>\n\n\n\n<div class=\"wp-block-themeisle-blocks-advanced-columns has-0-columns has-desktop-undefined-layout has-tablet-equal-layout has-mobile-equal-layout has-default-gap has-vertical-unset\" id=\"wp-block-themeisle-blocks-advanced-columns-f8e86dfc\"><div class=\"wp-block-themeisle-blocks-advanced-columns-overlay\"><\/div><div class=\"innerblocks-wrap\"><\/div><\/div>\n","protected":false},"excerpt":{"rendered":"<p>Voici les r\u00e9sultats du triathlon de ce weekend : 11\/09\/2022 TriaLong TriaCourt SwimBike Long SwimBike Court TriaLong Relais TriaCourt Relais On esp\u00e8re vous revoir nombreux l\u2019ann\u00e9e prochaine ! Un \u00e9norme merci aux b\u00e9n\u00e9voles, aux arbitres et \u00e0 vous toujours plus nombreux \u00e0 venir sur notre \u00e9preuve. L&#8217;\u00e9quipe de la Ligue \u00cele-de-France de Triathlon<\/p>\n","protected":false},"author":5,"featured_media":1248,"parent":0,"menu_order":0,"comment_status":"closed","ping_status":"closed","template":"","meta":{"neve_meta_sidebar":"","neve_meta_container":"","neve_meta_enable_content_width":"","neve_meta_content_width":0,"neve_meta_title_alignment":"","neve_meta_author_avatar":"","neve_post_elements_order":"","neve_meta_disable_header":"","neve_meta_disable_footer":"","neve_meta_disable_title":"","_themeisle_gutenberg_block_has_review":false,"_ti_tpc_template_sync":false,"_ti_tpc_template_id":""},"_links":{"self":[{"href":"https:\/\/trialong.com\/index.php\/wp-json\/wp\/v2\/pages\/1227"}],"collection":[{"href":"https:\/\/trialong.com\/index.php\/wp-json\/wp\/v2\/pages"}],"about":[{"href":"https:\/\/trialong.com\/index.php\/wp-json\/wp\/v2\/types\/page"}],"author":[{"embeddable":true,"href":"https:\/\/trialong.com\/index.php\/wp-json\/wp\/v2\/users\/5"}],"replies":[{"embeddable":true,"href":"https:\/\/trialong.com\/index.php\/wp-json\/wp\/v2\/comments?post=1227"}],"version-history":[{"count":14,"href":"https:\/\/trialong.com\/index.php\/wp-json\/wp\/v2\/pages\/1227\/revisions"}],"predecessor-version":[{"id":1285,"href":"https:\/\/trialong.com\/index.php\/wp-json\/wp\/v2\/pages\/1227\/revisions\/1285"}],"wp:featuredmedia":[{"embeddable":true,"href":"https:\/\/trialong.com\/index.php\/wp-json\/wp\/v2\/media\/1248"}],"wp:attachment":[{"href":"https:\/\/trialong.com\/index.php\/wp-json\/wp\/v2\/media?parent=1227"}],"curies":[{"name":"wp","href":"https:\/\/api.w.org\/{rel}","templated":true}]}}