{"id":1010,"date":"2022-01-03T11:02:45","date_gmt":"2022-01-03T10:02:45","guid":{"rendered":"http:\/\/trialong.com\/?page_id=1010"},"modified":"2023-12-07T16:25:20","modified_gmt":"2023-12-07T15:25:20","slug":"location","status":"publish","type":"page","link":"https:\/\/trialong.com\/index.php\/location\/","title":{"rendered":"Location"},"content":{"rendered":"\n<p>\u25cf La Ligue Ile-de-France de Triathlon propose un service de location aux participants du Trialong &amp; TriaLong.<\/p>\n\n\n\n<p>\u25cf Il est possible de louer des combinaisons de triathlon en n\u00e9opr\u00e8nes de diff\u00e9rentes marques&nbsp;:<\/p>\n\n\n<div class=\"wp-block-image\">\n<figure class=\"aligncenter size-large\"><img decoding=\"async\" loading=\"lazy\" width=\"232\" height=\"81\" src=\"http:\/\/trialong.com\/wp-content\/uploads\/2022\/01\/Logo-Mako-1.jpg\" alt=\"\" class=\"wp-image-994\"\/><\/figure><\/div>\n\n<div class=\"wp-block-image\">\n<figure class=\"aligncenter size-large is-resized\"><img decoding=\"async\" loading=\"lazy\" src=\"http:\/\/trialong.com\/wp-content\/uploads\/2022\/01\/Combinaison-neoprene-Mako-1.png\" alt=\"\" class=\"wp-image-996\" width=\"313\" height=\"313\" srcset=\"https:\/\/trialong.com\/wp-content\/uploads\/2022\/01\/Combinaison-neoprene-Mako-1.png 500w, https:\/\/trialong.com\/wp-content\/uploads\/2022\/01\/Combinaison-neoprene-Mako-1-300x300.png 300w, https:\/\/trialong.com\/wp-content\/uploads\/2022\/01\/Combinaison-neoprene-Mako-1-150x150.png 150w\" sizes=\"(max-width: 313px) 100vw, 313px\" \/><figcaption class=\"wp-element-caption\">Combinaison n\u00e9opr\u00e8ne MAKO <\/figcaption><\/figure><\/div>\n\n\n<p>Pour les femmes, les tailles S, M et L sont disponibles.<\/p>\n\n\n\n<p>Pour les hommes, les tailles S,M, L et XL sont disponibles.<\/p>\n\n\n\n<p>En t\u00e9l\u00e9chargeant le fichier ci-dessous, vous trouverez le tableau de correspondance des tailles, quelques astuces pour choisir votre combinaison et des conseils pour bien entretenir cette derni\u00e8re.<\/p>\n\n\n\n<div class=\"wp-block-file\"><a id=\"wp-block-file--media-21f6dd71-eb37-48c3-b3fa-89fd34ed5bc0\" href=\"http:\/\/trialong.com\/wp-content\/uploads\/2022\/01\/Taille-et-astuces-combis.pdf\">Taille, astuces &#8211; Combinaison n\u00e9opr\u00e8ne MAKO<\/a><a href=\"http:\/\/trialong.com\/wp-content\/uploads\/2022\/01\/Taille-et-astuces-combis.pdf\" class=\"wp-block-file__button wp-element-button\" download aria-describedby=\"wp-block-file--media-21f6dd71-eb37-48c3-b3fa-89fd34ed5bc0\">T\u00e9l\u00e9charger<\/a><\/div>\n\n\n<div class=\"wp-block-image\">\n<figure class=\"aligncenter size-large is-resized\"><img decoding=\"async\" loading=\"lazy\" src=\"http:\/\/trialong.com\/wp-content\/uploads\/2022\/01\/Logo-Nabaji-1.png\" alt=\"\" class=\"wp-image-1019\" width=\"232\" height=\"81\"\/><\/figure><\/div>\n\n<div class=\"wp-block-image\">\n<figure class=\"aligncenter size-large is-resized\"><img decoding=\"async\" loading=\"lazy\" src=\"http:\/\/trialong.com\/wp-content\/uploads\/2022\/01\/Combinaison-neoprene-Nabaji-1024x1024.jpg\" alt=\"\" class=\"wp-image-1021\" width=\"313\" height=\"313\" srcset=\"https:\/\/trialong.com\/wp-content\/uploads\/2022\/01\/Combinaison-neoprene-Nabaji-1024x1024.jpg 1024w, https:\/\/trialong.com\/wp-content\/uploads\/2022\/01\/Combinaison-neoprene-Nabaji-300x300.jpg 300w, https:\/\/trialong.com\/wp-content\/uploads\/2022\/01\/Combinaison-neoprene-Nabaji-150x150.jpg 150w, https:\/\/trialong.com\/wp-content\/uploads\/2022\/01\/Combinaison-neoprene-Nabaji-768x768.jpg 768w, https:\/\/trialong.com\/wp-content\/uploads\/2022\/01\/Combinaison-neoprene-Nabaji-1536x1536.jpg 1536w, https:\/\/trialong.com\/wp-content\/uploads\/2022\/01\/Combinaison-neoprene-Nabaji.jpg 2000w\" sizes=\"(max-width: 313px) 100vw, 313px\" \/><figcaption class=\"wp-element-caption\">Combinaison n\u00e9opr\u00e8ne NABAIJI<\/figcaption><\/figure><\/div>\n\n\n<p>Pour les femmes et les hommes, les tailles S (36), S\/M (38), M (40), M\/L (42), L (44), L\/XL (46) et XL (48) sont disponibles. <\/p>\n\n\n\n<p>En t\u00e9l\u00e9chargeant le fichier ci-dessous, vous trouverez le tableau de correspondance des tailles. <\/p>\n\n\n\n<div class=\"wp-block-file\"><a id=\"wp-block-file--media-84b27af4-de53-4423-b1d1-8fe34eb3ed02\" href=\"http:\/\/trialong.com\/wp-content\/uploads\/2022\/01\/Taille-combinaison-NABAJI.pdf\">Taille &#8211; Combinaison n\u00e9opr\u00e8ne NABAIJI<\/a><a href=\"http:\/\/trialong.com\/wp-content\/uploads\/2022\/01\/Taille-combinaison-NABAJI.pdf\" class=\"wp-block-file__button wp-element-button\" download aria-describedby=\"wp-block-file--media-84b27af4-de53-4423-b1d1-8fe34eb3ed02\">T\u00e9l\u00e9charger<\/a><\/div>\n\n\n\n<p>La montant de la location d&#8217;une combinaison n\u00e9opr\u00e8ne pour la semaine du Trialong est de <strong>30 euros<\/strong>. Il est n\u00e9cessaire de pr\u00e9voir un <strong>ch\u00e8que de caution de 170 euros <\/strong>(encaiss\u00e9 uniquement si la combinaison n\u2019est pas rendue dans un \u00e9tat identique qu&#8217;au moment du pr\u00eat). Si vous souhaitez louer une combinaison, veuillez remplir le document ci-dessous et l&#8217;envoyer \u00e0 l&#8217;adresse mail suivante : contact@idftriathlon.com <\/p>\n\n\n\n<div class=\"wp-block-file\"><a id=\"wp-block-file--media-acf64b13-d6fe-4ed0-8469-9bbe145c5d8f\" href=\"http:\/\/trialong.com\/wp-content\/uploads\/2022\/01\/Pret-de-combinaison-neoprene.pdf\">Location &#8211; Combinaison n\u00e9opr\u00e8ne<\/a><a href=\"http:\/\/trialong.com\/wp-content\/uploads\/2022\/01\/Pret-de-combinaison-neoprene.pdf\" class=\"wp-block-file__button wp-element-button\" download aria-describedby=\"wp-block-file--media-acf64b13-d6fe-4ed0-8469-9bbe145c5d8f\">T\u00e9l\u00e9charger<\/a><\/div>\n\n\n\n<p><\/p>\n\n\n\n<p><\/p>\n","protected":false},"excerpt":{"rendered":"<p>\u25cf La Ligue Ile-de-France de Triathlon propose un service de location aux participants du Trialong &amp; TriaLong. \u25cf Il est possible de louer des combinaisons de triathlon en n\u00e9opr\u00e8nes de diff\u00e9rentes marques&nbsp;: Pour les femmes, les tailles S, M et L sont disponibles. Pour les hommes, les tailles S,M, L et XL sont disponibles. En&hellip;&nbsp;<a href=\"https:\/\/trialong.com\/index.php\/location\/\" rel=\"bookmark\">Lire la suite &raquo;<span class=\"screen-reader-text\">Location<\/span><\/a><\/p>\n","protected":false},"author":2,"featured_media":0,"parent":0,"menu_order":0,"comment_status":"closed","ping_status":"closed","template":"","meta":{"neve_meta_sidebar":"","neve_meta_container":"","neve_meta_enable_content_width":"","neve_meta_content_width":0,"neve_meta_title_alignment":"","neve_meta_author_avatar":"","neve_post_elements_order":"","neve_meta_disable_header":"","neve_meta_disable_footer":"","neve_meta_disable_title":"","_themeisle_gutenberg_block_has_review":false,"_ti_tpc_template_sync":false,"_ti_tpc_template_id":""},"_links":{"self":[{"href":"https:\/\/trialong.com\/index.php\/wp-json\/wp\/v2\/pages\/1010"}],"collection":[{"href":"https:\/\/trialong.com\/index.php\/wp-json\/wp\/v2\/pages"}],"about":[{"href":"https:\/\/trialong.com\/index.php\/wp-json\/wp\/v2\/types\/page"}],"author":[{"embeddable":true,"href":"https:\/\/trialong.com\/index.php\/wp-json\/wp\/v2\/users\/2"}],"replies":[{"embeddable":true,"href":"https:\/\/trialong.com\/index.php\/wp-json\/wp\/v2\/comments?post=1010"}],"version-history":[{"count":10,"href":"https:\/\/trialong.com\/index.php\/wp-json\/wp\/v2\/pages\/1010\/revisions"}],"predecessor-version":[{"id":1579,"href":"https:\/\/trialong.com\/index.php\/wp-json\/wp\/v2\/pages\/1010\/revisions\/1579"}],"wp:attachment":[{"href":"https:\/\/trialong.com\/index.php\/wp-json\/wp\/v2\/media?parent=1010"}],"curies":[{"name":"wp","href":"https:\/\/api.w.org\/{rel}","templated":true}]}}